{"id":79,"date":"2025-10-27T12:21:35","date_gmt":"2025-10-27T12:21:35","guid":{"rendered":"https:\/\/natalluzrj.com.br\/?page_id=79"},"modified":"2025-10-27T13:22:43","modified_gmt":"2025-10-27T13:22:43","slug":"parceiros","status":"publish","type":"page","link":"https:\/\/natalluzrj.com.br\/?page_id=79","title":{"rendered":"Parceiros"},"content":{"rendered":"\n<p>O Natal Luz RJ \u00e9 uma a\u00e7\u00e3o social s\u00f3lida, constru\u00edda com responsabilidade e credibilidade ao longo dos seus 10 anos de exist\u00eancia. Contamos com uma parceria de longa data com a Prefeitura do Rio de Janeiro, por meio da Secretaria Municipal de Esporte e Lazer e da CET-RIO, que oferecem suporte fundamental no planejamento, log\u00edstica e gest\u00e3o de tr\u00e2nsito durante todo o percurso das carreatas. <strong><\/strong><\/p>\n\n\n\n<p>Somamos ainda a valiosa colabora\u00e7\u00e3o do Col\u00e9gio Nacional, que realiza uma expressiva campanha interna de arrecada\u00e7\u00e3o, envolvendo corpo docente, alunos e respons\u00e1veis em uma verdadeira corrente de amor ao pr\u00f3ximo. Essa uni\u00e3o de esfor\u00e7os tem sido decisiva para o sucesso e crescimento da nossa a\u00e7\u00e3o natalina, garantindo que ela alcance cada vez mais pessoas e comunidades em situa\u00e7\u00e3o de vulnerabilidade.<\/p>\n\n\n\n<p>Sua marca pode fazer parte dessa corrente pelo bem. Junto, podemos unir esfor\u00e7os para ampliar o alcance da campanha natalina e maximizar o impacto positivo da a\u00e7\u00e3o social.<\/p>\n\n\n\n<p><strong>A cada quil\u00f4metro percorrido, cada sorriso entregue e cada vida tocada, estaremos juntos ajudando a escrever uma hist\u00f3ria de amor ao pr\u00f3ximo.<\/strong><\/p>\n\n\n<div class=\"wp-block-image\">\n<figure class=\"aligncenter size-large\"><img loading=\"lazy\" decoding=\"async\" width=\"525\" height=\"157\" src=\"https:\/\/natalluzrj.com.br\/wp-content\/uploads\/2025\/10\/SMEL.jpg\" alt=\"\" class=\"wp-image-83\" srcset=\"https:\/\/natalluzrj.com.br\/wp-content\/uploads\/2025\/10\/SMEL.jpg 525w, https:\/\/natalluzrj.com.br\/wp-content\/uploads\/2025\/10\/SMEL-300x90.jpg 300w\" sizes=\"auto, (max-width: 525px) 100vw, 525px\" \/><\/figure>\n<\/div>\n\n<div class=\"wp-block-image\">\n<figure class=\"aligncenter size-large\"><img loading=\"lazy\" decoding=\"async\" width=\"566\" height=\"144\" src=\"https:\/\/natalluzrj.com.br\/wp-content\/uploads\/2025\/10\/colegionacional.jpg\" alt=\"\" class=\"wp-image-81\" srcset=\"https:\/\/natalluzrj.com.br\/wp-content\/uploads\/2025\/10\/colegionacional.jpg 566w, https:\/\/natalluzrj.com.br\/wp-content\/uploads\/2025\/10\/colegionacional-300x76.jpg 300w\" sizes=\"auto, (max-width: 566px) 100vw, 566px\" \/><\/figure>\n<\/div>\n\n\n<figure class=\"wp-block-image size-large\"><img loading=\"lazy\" decoding=\"async\" width=\"768\" height=\"210\" src=\"https:\/\/natalluzrj.com.br\/wp-content\/uploads\/2025\/10\/logo-mais-barauto.jpg\" alt=\"\" class=\"wp-image-80\" srcset=\"https:\/\/natalluzrj.com.br\/wp-content\/uploads\/2025\/10\/logo-mais-barauto.jpg 768w, https:\/\/natalluzrj.com.br\/wp-content\/uploads\/2025\/10\/logo-mais-barauto-300x82.jpg 300w\" sizes=\"auto, (max-width: 767px) 89vw, (max-width: 1000px) 54vw, (max-width: 1071px) 543px, 580px\" \/><\/figure>\n\n\n\n<figure class=\"wp-block-gallery has-nested-images columns-1 is-cropped wp-block-gallery-1 is-layout-flex wp-block-gallery-is-layout-flex\">\n<figure class=\"wp-block-image size-large\"><img loading=\"lazy\" decoding=\"async\" width=\"347\" height=\"191\" data-id=\"82\" src=\"https:\/\/natalluzrj.com.br\/wp-content\/uploads\/2025\/10\/centrac.jpg\" alt=\"\" class=\"wp-image-82\" srcset=\"https:\/\/natalluzrj.com.br\/wp-content\/uploads\/2025\/10\/centrac.jpg 347w, https:\/\/natalluzrj.com.br\/wp-content\/uploads\/2025\/10\/centrac-300x165.jpg 300w\" sizes=\"auto, (max-width: 347px) 100vw, 347px\" \/><\/figure>\n<\/figure>\n","protected":false},"excerpt":{"rendered":"<p>O Natal Luz RJ \u00e9 uma a\u00e7\u00e3o social s\u00f3lida, constru\u00edda com responsabilidade e credibilidade ao longo dos seus 10 anos de exist\u00eancia. Contamos com uma parceria de longa data com a Prefeitura do Rio de Janeiro, por meio da Secretaria Municipal de Esporte e Lazer e da CET-RIO, que oferecem suporte fundamental no planejamento, log\u00edstica &hellip; <\/p>\n<p class=\"link-more\"><a href=\"https:\/\/natalluzrj.com.br\/?page_id=79\" class=\"more-link\">Continuar a ler <span class=\"screen-reader-text\">&#8220;Parceiros&#8221;<\/span><\/a><\/p>\n","protected":false},"author":2,"featured_media":87,"parent":0,"menu_order":0,"comment_status":"closed","ping_status":"closed","template":"","meta":{"footnotes":""},"class_list":["post-79","page","type-page","status-publish","has-post-thumbnail","hentry"],"_links":{"self":[{"href":"https:\/\/natalluzrj.com.br\/index.php?rest_route=\/wp\/v2\/pages\/79","targetHints":{"allow":["GET"]}}],"collection":[{"href":"https:\/\/natalluzrj.com.br\/index.php?rest_route=\/wp\/v2\/pages"}],"about":[{"href":"https:\/\/natalluzrj.com.br\/index.php?rest_route=\/wp\/v2\/types\/page"}],"author":[{"embeddable":true,"href":"https:\/\/natalluzrj.com.br\/index.php?rest_route=\/wp\/v2\/users\/2"}],"replies":[{"embeddable":true,"href":"https:\/\/natalluzrj.com.br\/index.php?rest_route=%2Fwp%2Fv2%2Fcomments&post=79"}],"version-history":[{"count":1,"href":"https:\/\/natalluzrj.com.br\/index.php?rest_route=\/wp\/v2\/pages\/79\/revisions"}],"predecessor-version":[{"id":84,"href":"https:\/\/natalluzrj.com.br\/index.php?rest_route=\/wp\/v2\/pages\/79\/revisions\/84"}],"wp:featuredmedia":[{"embeddable":true,"href":"https:\/\/natalluzrj.com.br\/index.php?rest_route=\/wp\/v2\/media\/87"}],"wp:attachment":[{"href":"https:\/\/natalluzrj.com.br\/index.php?rest_route=%2Fwp%2Fv2%2Fmedia&parent=79"}],"curies":[{"name":"wp","href":"https:\/\/api.w.org\/{rel}","templated":true}]}}