{"id":10,"date":"2025-02-22T19:52:43","date_gmt":"2025-02-22T19:52:43","guid":{"rendered":"https:\/\/natalluzrj.com.br\/?page_id=10"},"modified":"2025-02-28T14:32:34","modified_gmt":"2025-02-28T14:32:34","slug":"sobre","status":"publish","type":"page","link":"https:\/\/natalluzrj.com.br\/?page_id=10","title":{"rendered":"Sobre"},"content":{"rendered":"\n<p>Com a chegada do per\u00edodo natalino, o esp\u00edrito solid\u00e1rio se revigora. A data sensibiliza as pessoas criando um clima que deveria existir durante todo o ano. \u00c9 imposs\u00edvel pensar nesta data sem olhar ao nosso redor e refletir sobre o nosso irm\u00e3o, sobre a dor de tantos, que nem sequer sabem que o Natal existe e o que representa.<\/p>\n\n\n\n<p>O projeto <em>\u201cNatal Luz RJ\u201d<\/em> \u2013 que ocorre desde 2015 \u2013 vem refor\u00e7ar as in\u00fameras a\u00e7\u00f5es sociais voltadas aos menos favorecidos, e estimular a solidariedade \u00e0queles que possuem condi\u00e7\u00f5es de proporcionar um momento de alegria aos desassistidos, atrav\u00e9s da demonstra\u00e7\u00e3o do verdadeiro significado do Natal, que \u00e9 o amor revelado atrav\u00e9s da caridade.<\/p>\n\n\n\n<p>O projeto visa manter as a\u00e7\u00f5es de arrecada\u00e7\u00e3o e distribui\u00e7\u00e3o de donativos \u00e0s fam\u00edlias e institui\u00e7\u00f5es carentes da cidade do Rio de Janeiro, que s\u00e3o beneficiadas com brinquedos, alimentos e outras doa\u00e7\u00f5es recebidas. Buscamos potencializar ainda mais os resultados obtidos anteriormente e fomentar junto \u00e0 popula\u00e7\u00e3o carioca o sentimento inato de solidariedade, t\u00e3o necess\u00e1rio neste per\u00edodo em que vivemos.<\/p>\n\n\n\n<p><\/p>\n","protected":false},"excerpt":{"rendered":"<p>Com a chegada do per\u00edodo natalino, o esp\u00edrito solid\u00e1rio se revigora. A data sensibiliza as pessoas criando um clima que deveria existir durante todo o ano. \u00c9 imposs\u00edvel pensar nesta data sem olhar ao nosso redor e refletir sobre o nosso irm\u00e3o, sobre a dor de tantos, que nem sequer sabem que o Natal existe &hellip; <\/p>\n<p class=\"link-more\"><a href=\"https:\/\/natalluzrj.com.br\/?page_id=10\" class=\"more-link\">Continuar a ler <span class=\"screen-reader-text\">&#8220;Sobre&#8221;<\/span><\/a><\/p>\n","protected":false},"author":1,"featured_media":47,"parent":0,"menu_order":0,"comment_status":"closed","ping_status":"closed","template":"","meta":{"footnotes":""},"class_list":["post-10","page","type-page","status-publish","has-post-thumbnail","hentry"],"_links":{"self":[{"href":"https:\/\/natalluzrj.com.br\/index.php?rest_route=\/wp\/v2\/pages\/10","targetHints":{"allow":["GET"]}}],"collection":[{"href":"https:\/\/natalluzrj.com.br\/index.php?rest_route=\/wp\/v2\/pages"}],"about":[{"href":"https:\/\/natalluzrj.com.br\/index.php?rest_route=\/wp\/v2\/types\/page"}],"author":[{"embeddable":true,"href":"https:\/\/natalluzrj.com.br\/index.php?rest_route=\/wp\/v2\/users\/1"}],"replies":[{"embeddable":true,"href":"https:\/\/natalluzrj.com.br\/index.php?rest_route=%2Fwp%2Fv2%2Fcomments&post=10"}],"version-history":[{"count":2,"href":"https:\/\/natalluzrj.com.br\/index.php?rest_route=\/wp\/v2\/pages\/10\/revisions"}],"predecessor-version":[{"id":49,"href":"https:\/\/natalluzrj.com.br\/index.php?rest_route=\/wp\/v2\/pages\/10\/revisions\/49"}],"wp:featuredmedia":[{"embeddable":true,"href":"https:\/\/natalluzrj.com.br\/index.php?rest_route=\/wp\/v2\/media\/47"}],"wp:attachment":[{"href":"https:\/\/natalluzrj.com.br\/index.php?rest_route=%2Fwp%2Fv2%2Fmedia&parent=10"}],"curies":[{"name":"wp","href":"https:\/\/api.w.org\/{rel}","templated":true}]}}